{"id":3,"date":"2020-08-06T10:58:27","date_gmt":"2020-08-06T10:58:27","guid":{"rendered":"https:\/\/hraz.cl\/cl\/?page_id=3"},"modified":"2022-08-18T18:51:57","modified_gmt":"2022-08-18T18:51:57","slug":"politicas-de-privacidad","status":"publish","type":"page","link":"https:\/\/hraz.cl\/cl\/politicas-de-privacidad\/","title":{"rendered":"Pol\u00edticas de Privacidad"},"content":{"rendered":"\t\t<div data-elementor-type=\"wp-page\" data-elementor-id=\"3\" class=\"elementor elementor-3\" data-elementor-post-type=\"page\">\n\t\t\t\t\t\t<section class=\"elementor-section elementor-top-section elementor-element elementor-element-b418181 elementor-section-boxed elementor-section-height-default elementor-section-height-default\" data-id=\"b418181\" data-element_type=\"section\" data-e-type=\"section\">\n\t\t\t\t\t\t<div class=\"elementor-container elementor-column-gap-default\">\n\t\t\t\t\t<div class=\"elementor-column elementor-col-33 elementor-top-column elementor-element elementor-element-71aa3c9\" data-id=\"71aa3c9\" data-element_type=\"column\" data-e-type=\"column\">\n\t\t\t<div class=\"elementor-widget-wrap\">\n\t\t\t\t\t\t\t<\/div>\n\t\t<\/div>\n\t\t\t\t<div class=\"elementor-column elementor-col-66 elementor-top-column elementor-element elementor-element-83cde08\" data-id=\"83cde08\" data-element_type=\"column\" data-e-type=\"column\">\n\t\t\t<div class=\"elementor-widget-wrap elementor-element-populated\">\n\t\t\t\t\t\t<div class=\"elementor-element elementor-element-96aa1e4 elementor-widget elementor-widget-heading\" data-id=\"96aa1e4\" data-element_type=\"widget\" data-e-type=\"widget\" data-widget_type=\"heading.default\">\n\t\t\t\t<div class=\"elementor-widget-container\">\n\t\t\t\t\t<h2 class=\"elementor-heading-title elementor-size-default\">POL\u00cdTICA DE PRIVACIDAD | COOCKIES |\u00a0 CONDICIONES GENERALES DEL SITIO WEB WWW.HRAZ.CL<\/h2>\t\t\t\t<\/div>\n\t\t\t\t<\/div>\n\t\t\t\t\t<\/div>\n\t\t<\/div>\n\t\t\t\t\t<\/div>\n\t\t<\/section>\n\t\t\t\t<section class=\"elementor-section elementor-top-section elementor-element elementor-element-0876cc5 elementor-section-boxed elementor-section-height-default elementor-section-height-default\" data-id=\"0876cc5\" data-element_type=\"section\" data-e-type=\"section\">\n\t\t\t\t\t\t<div class=\"elementor-container elementor-column-gap-default\">\n\t\t\t\t\t<div class=\"elementor-column elementor-col-33 elementor-top-column elementor-element elementor-element-addd820\" data-id=\"addd820\" data-element_type=\"column\" data-e-type=\"column\">\n\t\t\t<div class=\"elementor-widget-wrap\">\n\t\t\t\t\t\t\t<\/div>\n\t\t<\/div>\n\t\t\t\t<div class=\"elementor-column elementor-col-66 elementor-top-column elementor-element elementor-element-3222632\" data-id=\"3222632\" data-element_type=\"column\" data-e-type=\"column\">\n\t\t\t<div class=\"elementor-widget-wrap elementor-element-populated\">\n\t\t\t\t\t\t<div class=\"elementor-element elementor-element-83de343 elementor-widget elementor-widget-text-editor\" data-id=\"83de343\" data-element_type=\"widget\" data-e-type=\"widget\" data-widget_type=\"text-editor.default\">\n\t\t\t\t<div class=\"elementor-widget-container\">\n\t\t\t\t\t\t\t\t\t<p><strong>Responsable del Tratamiento<\/strong><\/p>\n<p>HR&amp;AZ Limitada en adelante, hraz.cl, titular de la p\u00e1gina web&nbsp;<u>www.hraz.cl<\/u>&nbsp;(en adelante, HRAZ.CL). Domicilio Fiscal: Av. Lo Espejo N\u00ba 01565 Bodega 0721- 0723 Recinto Mersan, Lo Espejo, Santiago, Chile Correo electr\u00f3nico:&nbsp;contacto@hraz.cl<\/p>\n<p><strong>Protecci\u00f3n de datos personales<\/strong><\/p>\n<p><span style=\"color: var( --e-global-color-text ); font-family: var( --e-global-typography-text-font-family ); font-weight: var( --e-global-typography-text-font-weight ); font-size: 1rem;\">HRAZ.CL<\/span>&nbsp;le informa que a trav\u00e9s de nuestra p\u00e1gina web nosotros y otras empresas seleccionadas obtenemos sus datos personales de su navegaci\u00f3n que tratamos mediante cookies u otros identificadores.<\/p>\n<p>Usted puede solicitar la modificaci\u00f3n a&nbsp; sus preferencias de privacidad en cualquier momento solicitando a trav\u00e9s del correo <span style=\"color: var( --e-global-color-text ); font-family: var( --e-global-typography-text-font-family ); font-weight: var( --e-global-typography-text-font-weight ); font-size: 1rem;\">contacto@hraz.cl<\/span><\/p>\n<p>Si desea m\u00e1s informaci\u00f3n sobre que son las cookies y mecanismos para su control, puede consultar nuestra Pol\u00edtica de Cookies a trav\u00e9s del enlace a continuaci\u00f3n (enlace)<\/p>\n<p>Puesto que nuestra p\u00e1gina web utiliza diversos servicios de Google, le recomendamos consultar sus pol\u00edticas de privacidad en&nbsp;<a href=\"https:\/\/policies.google.com\/technologies\/partner-sites?hl=es\">https:\/\/policies.google.com\/technologies\/partner-sites?hl=es<\/a><\/p>\n<p>A continuaci\u00f3n, le detallamos los tratamientos, sus fines, los datos personales que utilizamos y la base legal que legitima su realizaci\u00f3n.<\/p>\n<p><strong>Pol\u00edtica de Coockies<\/strong><\/p>\n<p><strong>Tratamiento de los datos recogidos durante la navegaci\u00f3n<\/strong><\/p>\n<p>Mientras usted navega por nuestra p\u00e1gina web, realizamos los siguientes tratamientos si as\u00ed nos ha autorizado o no se ha opuesto a ellos.<\/p>\n<ol>\n<li><strong>Medici\u00f3n<\/strong><\/li>\n<\/ol>\n<p>La recogida de informaci\u00f3n sobre su consumo de los contenidos de nuestra p\u00e1gina web que, en combinaci\u00f3n con datos de otros usuarios previamente recogidos, nos permite medir, analizar y obtener informes sobre el uso de nuestra p\u00e1gina web.<\/p>\n<table>\n<tbody>\n<tr>\n<td>\n<p><strong>Finalidad Principal<\/strong><\/p>\n<\/td>\n<td>\n<p><strong>Datos<\/strong><\/p>\n<\/td>\n<td>\n<p><strong>Base legal aplicable<\/strong><\/p>\n<\/td>\n<td>\n<p><strong>Plazo Conservaci\u00f3n<\/strong><\/p>\n<\/td>\n<\/tr>\n<tr>\n<td>\n<p>Recogida de datos estad\u00edsticos de utilizaci\u00f3n de nuestro portal<\/p>\n<\/td>\n<td>\n<p>Datos de navegaci\u00f3n<\/p>\n<\/td>\n<td>\n<p>Inter\u00e9s leg\u00edtimo en conocer el uso de nuestros servicios<\/p>\n<\/td>\n<td>\n<p>24 meses<\/p>\n<\/td>\n<\/tr>\n<\/tbody>\n<\/table>\n<table>\n<tbody>\n<tr>\n<td>\n<p><strong>&nbsp;<\/strong><\/p>\n<p><strong>Finalidades secundarias<\/strong><\/p>\n<\/td>\n<td>\n<p><strong>Qu\u00e9 datos<\/strong><\/p>\n<\/td>\n<td>\n<p><strong>Base legal aplicable<\/strong><\/p>\n<\/td>\n<td>\n<p><strong>Plazo Conservaci\u00f3n<\/strong><\/p>\n<\/td>\n<\/tr>\n<tr>\n<td>\n<p>No existen<\/p>\n<\/td>\n<td>&nbsp;<\/td>\n<td>&nbsp;<\/td>\n<td>&nbsp;<\/td>\n<\/tr>\n<\/tbody>\n<\/table>\n<p>Durante su navegaci\u00f3n por nuestra p\u00e1gina web utilizamos herramientas de an\u00e1lisis estad\u00edstico como Google Analitycs, para conocer el uso que se realiza de nuestros servicios y disponer de informaci\u00f3n para mejorarlos. Utilizamos esta informaci\u00f3n de forma agregada, lo que nos impide identificar a un usuario concreto. Si Ud. no desea que tratemos sus datos para la elaboraci\u00f3n de estad\u00edsticas podr\u00e1 indicarlo en cualquier momento enviando un correo solicit\u00e1ndolo en&nbsp;<span style=\"color: var( --e-global-color-text ); font-family: var( --e-global-typography-text-font-family ); font-weight: var( --e-global-typography-text-font-weight ); font-size: 1rem;\">contacto@hraz.cl<\/span><\/p>\n<ol start=\"2\">\n<li><strong>Personalizaci\u00f3n<\/strong><\/li>\n<\/ol>\n<p>Es la recogida y procesado de informaci\u00f3n sobre su uso de nuestra p\u00e1gina web para personalizarle contenidos editoriales, incluso en otros contextos, como an\u00e1lisis para satisfacer necesidades de posibles prospectos o futuros clientes. Tradicionalmente, se utilizan sus datos de navegaci\u00f3n para hacer suposiciones sobre sus preferencias.<\/p>\n<table>\n<tbody>\n<tr>\n<td>\n<p><strong>Finalidad Principal<\/strong><\/p>\n<\/td>\n<td>\n<p><strong>Datos<\/strong><\/p>\n<\/td>\n<td>\n<p><strong>Base legal aplicable<\/strong><\/p>\n<\/td>\n<td>\n<p><strong>Plazo Conservaci\u00f3n<\/strong><\/p>\n<\/td>\n<\/tr>\n<tr>\n<td>\n<p>Creaci\u00f3n de perfiles<\/p>\n<\/td>\n<td>\n<p>Navegaci\u00f3n por el sitio web<\/p>\n<\/td>\n<td>\n<p>Consentimiento<\/p>\n<\/td>\n<td>\n<p>Mientras no nos indique que desea que cesemos el tratamiento a trav\u00e9s&nbsp;<span style=\"color: var( --e-global-color-text ); font-family: var( --e-global-typography-text-font-family ); font-weight: var( --e-global-typography-text-font-weight ); font-size: 1rem;\">contacto@hraz.cl<\/span><span style=\"color: var( --e-global-color-text ); font-family: var( --e-global-typography-text-font-family ); font-weight: var( --e-global-typography-text-font-weight ); font-size: 1rem;\">&nbsp;de&nbsp;<\/span><\/p>\n<\/td>\n<\/tr>\n<\/tbody>\n<\/table>\n<table>\n<tbody>\n<tr>\n<td>\n<p><strong>Finalidades secundarias<\/strong><\/p>\n<\/td>\n<td>\n<p><strong>Qu\u00e9 datos<\/strong><\/p>\n<\/td>\n<td>\n<p><strong>Base legal aplicable<\/strong><\/p>\n<\/td>\n<td>\n<p><strong>Plazo Conservaci\u00f3n<\/strong><\/p>\n<\/td>\n<\/tr>\n<tr>\n<td>\n<p>No existen<\/p>\n<\/td>\n<td>&nbsp;<\/td>\n<td>&nbsp;<\/td>\n<td>&nbsp;<\/td>\n<\/tr>\n<\/tbody>\n<\/table>\n<p>Cuando usted navega por nuestra p\u00e1gina web de instalamos cookies que nos permiten conocer sus h\u00e1bitos de navegaci\u00f3n en \u00e9l, con la finalidad de crear perfiles y analizarlos para poder llegar a otros posibles prospectos o clientes que est\u00e9n interesados en nuestros servicios.&nbsp; Si usted no desea que tratemos sus datos para la elaboraci\u00f3n de perfiles podr\u00e1 indicarlo en cualquier momento a trav\u00e9s del correo&nbsp;<span style=\"color: var( --e-global-color-text ); font-family: var( --e-global-typography-text-font-family ); font-weight: var( --e-global-typography-text-font-weight ); font-size: 1rem;\">contacto@hraz.cl<\/span><\/p>\n<ol start=\"3\">\n<li><strong>Compartir datos de navegaci\u00f3n con terceros<\/strong><\/li>\n<\/ol>\n<p>Mientras usted navega recogemos datos e identificadores que podemos compartir con terceros con la finalidad de permitir a \u00e9stos la creaci\u00f3n e identificaci\u00f3n de perfiles destinados a la segmentaci\u00f3n de contenidos para poder llegar nuevos clientes o prospectos.<\/p>\n<table>\n<tbody>\n<tr>\n<td>\n<p><strong>Finalidad Principal<\/strong><\/p>\n<\/td>\n<td>\n<p><strong>Datos<\/strong><\/p>\n<\/td>\n<td>\n<p><strong>Base legal aplicable<\/strong><\/p>\n<\/td>\n<td>\n<p><strong>Plazo Conservaci\u00f3n<\/strong><\/p>\n<\/td>\n<\/tr>\n<tr>\n<td>\n<p>Segmentaci\u00f3n para posibles nuevos clientes.<\/p>\n<\/td>\n<td>\n<p>Navegaci\u00f3n por el portal web, direcci\u00f3n IP, identificadres del dispositivo, perfiles de usuario previamente creados<\/p>\n<\/td>\n<td>\n<p>Consentimiento<\/p>\n<\/td>\n<td>\n<p>Mientras no nos indique que desea que cesemos el tratamiento a trav\u00e9s de&nbsp;<span style=\"color: var( --e-global-color-text ); font-family: var( --e-global-typography-text-font-family ); font-weight: var( --e-global-typography-text-font-weight ); font-size: 1rem;\">contacto@hraz.cl<\/span><\/p>\n<\/td>\n<\/tr>\n<\/tbody>\n<\/table>\n<table>\n<tbody>\n<tr>\n<td>\n<p><strong>Finalidades secundarias<\/strong><\/p>\n<\/td>\n<td>\n<p><strong>Qu\u00e9 datos<\/strong><\/p>\n<\/td>\n<td>\n<p><strong>Base legal aplicable<\/strong><\/p>\n<\/td>\n<td>\n<p><strong>Plazo Conservaci\u00f3n<\/strong><\/p>\n<\/td>\n<\/tr>\n<tr>\n<td>\n<p>No existen<\/p>\n<\/td>\n<td>&nbsp;<\/td>\n<td>&nbsp;<\/td>\n<td>&nbsp;<\/td>\n<\/tr>\n<\/tbody>\n<\/table>\n<p>Si usted no desea que tratemos compartamos sus datos de navegaci\u00f3n con terceros, podr\u00e1 indicarlo en cualquier momento a trav\u00e9s de&nbsp;<span style=\"color: var( --e-global-color-text ); font-family: var( --e-global-typography-text-font-family ); font-weight: var( --e-global-typography-text-font-weight ); font-size: 1rem;\">contacto@hraz.cl<\/span><\/p>\n<p><strong>Tratamientos de sus datos en el registro de usuario<\/strong><\/p>\n<p>Por el momento solo existe la suscripci\u00f3n a trav\u00e9s de correo electr\u00f3nico. Si se registra a trav\u00e9s de esta suscripci\u00f3n, realizaremos los siguientes tratamientos si usted nos autoriza a ello.<\/p>\n<ol>\n<li><strong>Newsletters o bolet\u00edn (suscripci\u00f3n v\u00eda p\u00e1gina web)<\/strong><\/li>\n<\/ol>\n<table>\n<tbody>\n<tr>\n<td>\n<p><strong>Finalidad Principal<\/strong><\/p>\n<\/td>\n<td>\n<p><strong>Datos<\/strong><\/p>\n<\/td>\n<td>\n<p><strong>Base legal aplicable<\/strong><\/p>\n<\/td>\n<td>\n<p><strong>Plazo Conservaci\u00f3n<\/strong><\/p>\n<\/td>\n<\/tr>\n<tr>\n<td>\n<p>Envio de Newsletter<\/p>\n<\/td>\n<td>\n<p>email<\/p>\n<\/td>\n<td>\n<p>Consentimiento<\/p>\n<\/td>\n<td>\n<p>Si nos ha dado su consentimiento, mientras no se solicite el cese de env\u00edos<\/p>\n<\/td>\n<\/tr>\n<\/tbody>\n<\/table>\n<table>\n<tbody>\n<tr>\n<td>\n<p><strong>Finalidades secundarias<\/strong><\/p>\n<\/td>\n<td>\n<p><strong>Qu\u00e9 datos<\/strong><\/p>\n<\/td>\n<td>\n<p><strong>Base legal aplicable<\/strong><\/p>\n<\/td>\n<td>\n<p><strong>Plazo Conservaci\u00f3n<\/strong><\/p>\n<\/td>\n<\/tr>\n<tr>\n<td>\n<p>No existen<\/p>\n<\/td>\n<td>&nbsp;<\/td>\n<td>&nbsp;<\/td>\n<td>&nbsp;<\/td>\n<\/tr>\n<\/tbody>\n<\/table>\n<p>Cuando usted se suscribe a nuestras newsletters se adjunta a la lista de usuarios suscritos. Podr\u00e1 solicitar la baja cuando usted lo desee a trav\u00e9s de&nbsp;<span style=\"color: var( --e-global-color-text ); font-family: var( --e-global-typography-text-font-family ); font-weight: var( --e-global-typography-text-font-weight ); font-size: 1rem;\">contacto@hraz.cl<\/span><\/p>\n<ol start=\"2\">\n<li><strong>Comentarios de noticias o blog (para todos los usuarios que lo hagan)<\/strong><\/li>\n<\/ol>\n<table>\n<tbody>\n<tr>\n<td>\n<p><strong>Finalidad Principal<\/strong><\/p>\n<\/td>\n<td>\n<p><strong>Datos<\/strong><\/p>\n<\/td>\n<td>\n<p><strong>Base legal aplicable<\/strong><\/p>\n<\/td>\n<td>\n<p><strong>Plazo Conservaci\u00f3n<\/strong><\/p>\n<\/td>\n<\/tr>\n<tr>\n<td>\n<p>Publicar comentarios en noticias<\/p>\n<\/td>\n<td>\n<p>Alias<\/p>\n<\/td>\n<td>\n<p>Consentimiento y Normas de Participaci\u00f3n<\/p>\n<\/td>\n<td>\n<p>Mientras el interesado no borre el comentario o el equipo de moderaci\u00f3n decida su retirada<\/p>\n<\/td>\n<\/tr>\n<\/tbody>\n<\/table>\n<table>\n<tbody>\n<tr>\n<td>\n<p><strong>Finalidades secundarias<\/strong><\/p>\n<\/td>\n<td>\n<p><strong>Qu\u00e9 datos<\/strong><\/p>\n<\/td>\n<td>\n<p><strong>Base legal aplicable<\/strong><\/p>\n<\/td>\n<td>\n<p><strong>Plazo Conservaci\u00f3n<\/strong><\/p>\n<\/td>\n<\/tr>\n<tr>\n<td>\n<p>No existen<\/p>\n<\/td>\n<td>&nbsp;<\/td>\n<td>&nbsp;<\/td>\n<td>&nbsp;<\/td>\n<\/tr>\n<\/tbody>\n<\/table>\n<p>Si no desea que tratemos sus datos para la finalidad comunicada, no podremos publicar sus comentarios.<\/p>\n<p><strong>Cesi\u00f3n de datos<\/strong><\/p>\n<p>Sus datos personales no ser\u00e1n cedidos a terceros, salvo que nos haya dado su autorizaci\u00f3n.<\/p>\n<p>Es posible que algunos de nuestros socios o proveedores, por ejemplo Google, procesen datos fuera de las fronteras de la Uni\u00f3n Europea. En estos casos, exigimos al socio o proveedor estar adscrito a un protocolo de adecuaci\u00f3n de protecci\u00f3n de datos aprobado por la Uni\u00f3n Europea, por regla general el tratado Privacy Shield entre USA y la UE o, en su defecto, cumplir con las garant\u00edas de cla\u00fasulas tipo aprobadas por las autoridades de control y por la Uni\u00f3n Europea.<\/p>\n<p><strong>Derechos del interesado<\/strong><\/p>\n<p>La Compa\u00f1\u00eda le informa que Usted puede retirar el consentimiento dado para el tratamiento de sus datos personales en cualquier momento. Para ello ponemos a su disposici\u00f3n mecanismos que Usted puede utilizar cuando as\u00ed lo desee. A modo de ejemplo, estos mecanismos incluyen:<\/p>\n<p>Datos de navegaci\u00f3n: a trav\u00e9s del correo electr\u00f3nico contacto@hraz.cl.<\/p>\n<p>Datos del registro de usuario: Usted podr\u00e1 solicitar la modificaci\u00f3n en cualquier momento a los datos de su registro de usuario y gestionar sus datos personales y otros servicios que le ofrecemos, tales como las Newsletter o las Notificaciones comerciales a trav\u00e9s de&nbsp;<span style=\"color: var( --e-global-color-text ); font-family: var( --e-global-typography-text-font-family ); font-weight: var( --e-global-typography-text-font-weight ); font-size: 1rem;\">contacto@hraz.cl<\/span><\/p>\n<p>En cualquier caso, Usted siempre puede ejercer sus derechos de acceso, rectificaci\u00f3n, supresi\u00f3n, limitaci\u00f3n, oposici\u00f3n al tratamiento o portabilidad de los datos, enviando un mensaje de correo electr\u00f3nico a&nbsp;<span style=\"color: var( --e-global-color-text ); font-family: var( --e-global-typography-text-font-family ); font-weight: var( --e-global-typography-text-font-weight ); font-size: 1rem;\">contacto@hraz.cl<br>Actualizaci\u00f3n: 08-2020<\/span><\/p>\t\t\t\t\t\t\t\t<\/div>\n\t\t\t\t<\/div>\n\t\t\t\t\t<\/div>\n\t\t<\/div>\n\t\t\t\t\t<\/div>\n\t\t<\/section>\n\t\t\t\t<\/div>\n\t\t","protected":false},"excerpt":{"rendered":"<p>POL\u00cdTICA DE PRIVACIDAD | COOCKIES |\u00a0 CONDICIONES GENERALES DEL SITIO WEB WWW.HRAZ.CL Responsable del Tratamiento HR&amp;AZ Limitada en adelante, hraz.cl, titular de la p\u00e1gina web&nbsp;www.hraz.cl&nbsp;(en adelante, HRAZ.CL). Domicilio Fiscal: Av. Lo Espejo N\u00ba 01565 Bodega 0721- 0723 Recinto Mersan, Lo Espejo, Santiago, Chile Correo electr\u00f3nico:&nbsp;contacto@hraz.cl Protecci\u00f3n de datos personales HRAZ.CL&nbsp;le informa que a trav\u00e9s de [&hellip;]<\/p>\n","protected":false},"author":1,"featured_media":0,"parent":0,"menu_order":0,"comment_status":"closed","ping_status":"closed","template":"","meta":{"footnotes":""},"class_list":["post-3","page","type-page","status-publish","hentry"],"jetpack_sharing_enabled":true,"_links":{"self":[{"href":"https:\/\/hraz.cl\/cl\/wp-json\/wp\/v2\/pages\/3","targetHints":{"allow":["GET"]}}],"collection":[{"href":"https:\/\/hraz.cl\/cl\/wp-json\/wp\/v2\/pages"}],"about":[{"href":"https:\/\/hraz.cl\/cl\/wp-json\/wp\/v2\/types\/page"}],"author":[{"embeddable":true,"href":"https:\/\/hraz.cl\/cl\/wp-json\/wp\/v2\/users\/1"}],"replies":[{"embeddable":true,"href":"https:\/\/hraz.cl\/cl\/wp-json\/wp\/v2\/comments?post=3"}],"version-history":[{"count":4,"href":"https:\/\/hraz.cl\/cl\/wp-json\/wp\/v2\/pages\/3\/revisions"}],"predecessor-version":[{"id":452,"href":"https:\/\/hraz.cl\/cl\/wp-json\/wp\/v2\/pages\/3\/revisions\/452"}],"wp:attachment":[{"href":"https:\/\/hraz.cl\/cl\/wp-json\/wp\/v2\/media?parent=3"}],"curies":[{"name":"wp","href":"https:\/\/api.w.org\/{rel}","templated":true}]}}