{"id":440,"date":"2020-09-10T10:40:18","date_gmt":"2020-09-10T10:40:18","guid":{"rendered":"https:\/\/hraz.cl\/cl\/?page_id=440"},"modified":"2025-08-28T20:21:31","modified_gmt":"2025-08-28T20:21:31","slug":"cotizar-productos","status":"publish","type":"page","link":"https:\/\/hraz.cl\/cl\/cotizar-productos\/","title":{"rendered":"Cotizar productos"},"content":{"rendered":"\t\t<div data-elementor-type=\"wp-page\" data-elementor-id=\"440\" class=\"elementor elementor-440\" data-elementor-post-type=\"page\">\n\t\t\t\t\t\t<section class=\"elementor-section elementor-top-section elementor-element elementor-element-25a3fb2 elementor-section-boxed elementor-section-height-default elementor-section-height-default\" data-id=\"25a3fb2\" data-element_type=\"section\" data-e-type=\"section\">\n\t\t\t\t\t\t<div class=\"elementor-container elementor-column-gap-default\">\n\t\t\t\t\t<div class=\"elementor-column elementor-col-100 elementor-top-column elementor-element elementor-element-2d8c57c\" data-id=\"2d8c57c\" data-element_type=\"column\" data-e-type=\"column\">\n\t\t\t<div class=\"elementor-widget-wrap\">\n\t\t\t\t\t\t\t<\/div>\n\t\t<\/div>\n\t\t\t\t\t<\/div>\n\t\t<\/section>\n\t\t\t\t<section class=\"elementor-section elementor-top-section elementor-element elementor-element-09eea42 elementor-section-boxed elementor-section-height-default elementor-section-height-default\" data-id=\"09eea42\" data-element_type=\"section\" data-e-type=\"section\">\n\t\t\t\t\t\t<div class=\"elementor-container elementor-column-gap-default\">\n\t\t\t\t\t<div class=\"elementor-column elementor-col-50 elementor-top-column elementor-element elementor-element-d0065e3\" data-id=\"d0065e3\" data-element_type=\"column\" data-e-type=\"column\">\n\t\t\t<div class=\"elementor-widget-wrap elementor-element-populated\">\n\t\t\t\t\t\t<div class=\"elementor-element elementor-element-ef683d9 elementor-widget elementor-widget-heading\" data-id=\"ef683d9\" data-element_type=\"widget\" data-e-type=\"widget\" data-widget_type=\"heading.default\">\n\t\t\t\t<div class=\"elementor-widget-container\">\n\t\t\t\t\t<h2 class=\"elementor-heading-title elementor-size-default\">\u00bfTe interesa algunos de nuestros productos exclusivos?<\/h2>\t\t\t\t<\/div>\n\t\t\t\t<\/div>\n\t\t\t\t<div class=\"elementor-element elementor-element-b4a2b39 elementor-widget elementor-widget-heading\" data-id=\"b4a2b39\" data-element_type=\"widget\" data-e-type=\"widget\" data-widget_type=\"heading.default\">\n\t\t\t\t<div class=\"elementor-widget-container\">\n\t\t\t\t\t<h2 class=\"elementor-heading-title elementor-size-default\">Solicita informaci\u00f3n sobre la l\u00ednea de productos de tu inter\u00e9s.<\/h2>\t\t\t\t<\/div>\n\t\t\t\t<\/div>\n\t\t\t\t<div class=\"elementor-element elementor-element-1a4890d elementor-widget elementor-widget-image\" data-id=\"1a4890d\" data-element_type=\"widget\" data-e-type=\"widget\" data-widget_type=\"image.default\">\n\t\t\t\t<div class=\"elementor-widget-container\">\n\t\t\t\t\t\t\t\t\t\t\t\t\t\t\t<img fetchpriority=\"high\" decoding=\"async\" width=\"800\" height=\"800\" src=\"https:\/\/hraz.cl\/cl\/wp-content\/uploads\/2024\/11\/cotizar-en-hraz.png\" class=\"attachment-large size-large wp-image-7027\" alt=\"\" srcset=\"https:\/\/hraz.cl\/cl\/wp-content\/uploads\/2024\/11\/cotizar-en-hraz.png 945w, https:\/\/hraz.cl\/cl\/wp-content\/uploads\/2024\/11\/cotizar-en-hraz-300x300.png 300w, https:\/\/hraz.cl\/cl\/wp-content\/uploads\/2024\/11\/cotizar-en-hraz-150x150.png 150w, https:\/\/hraz.cl\/cl\/wp-content\/uploads\/2024\/11\/cotizar-en-hraz-768x768.png 768w\" sizes=\"(max-width: 800px) 100vw, 800px\" \/>\t\t\t\t\t\t\t\t\t\t\t\t\t\t\t<\/div>\n\t\t\t\t<\/div>\n\t\t\t\t\t<\/div>\n\t\t<\/div>\n\t\t\t\t<div class=\"elementor-column elementor-col-50 elementor-top-column elementor-element elementor-element-e483a92\" data-id=\"e483a92\" data-element_type=\"column\" data-e-type=\"column\">\n\t\t\t<div class=\"elementor-widget-wrap elementor-element-populated\">\n\t\t\t\t\t\t<div class=\"elementor-element elementor-element-7f07232 elementor-button-align-stretch elementor-widget elementor-widget-form\" data-id=\"7f07232\" data-element_type=\"widget\" data-e-type=\"widget\" data-settings=\"{&quot;step_next_label&quot;:&quot;Next&quot;,&quot;step_previous_label&quot;:&quot;Previous&quot;,&quot;button_width&quot;:&quot;100&quot;,&quot;step_type&quot;:&quot;number_text&quot;,&quot;step_icon_shape&quot;:&quot;circle&quot;}\" data-widget_type=\"form.default\">\n\t\t\t\t<div class=\"elementor-widget-container\">\n\t\t\t\t\t\t\t<form class=\"elementor-form\" method=\"post\" name=\"Trabaje-con-nosotros\" aria-label=\"Trabaje-con-nosotros\">\n\t\t\t<input type=\"hidden\" name=\"post_id\" value=\"440\"\/>\n\t\t\t<input type=\"hidden\" name=\"form_id\" value=\"7f07232\"\/>\n\t\t\t<input type=\"hidden\" name=\"referer_title\" value=\"Cotizar productos\" \/>\n\n\t\t\t\t\t\t\t<input type=\"hidden\" name=\"queried_id\" value=\"440\"\/>\n\t\t\t\n\t\t\t<div class=\"elementor-form-fields-wrapper elementor-labels-above\">\n\t\t\t\t\t\t\t\t<div class=\"elementor-field-type-text elementor-field-group elementor-column elementor-field-group-name elementor-col-100 elementor-field-required\">\n\t\t\t\t\t\t\t\t\t\t\t\t<label for=\"form-field-name\" class=\"elementor-field-label\">\n\t\t\t\t\t\t\t\tIngrese su nombre\t\t\t\t\t\t\t<\/label>\n\t\t\t\t\t\t\t\t\t\t\t\t\t\t<input size=\"1\" type=\"text\" name=\"form_fields[name]\" id=\"form-field-name\" class=\"elementor-field elementor-size-sm  elementor-field-textual\" placeholder=\"Nombre y apellidos\" required=\"required\">\n\t\t\t\t\t\t\t\t\t\t\t<\/div>\n\t\t\t\t\t\t\t\t<div class=\"elementor-field-type-radio elementor-field-group elementor-column elementor-field-group-field_d60a604 elementor-col-100 elementor-field-required\">\n\t\t\t\t\t\t\t\t\t\t\t\t<label for=\"form-field-field_d60a604\" class=\"elementor-field-label\">\n\t\t\t\t\t\t\t\tEmpresa o Particular\t\t\t\t\t\t\t<\/label>\n\t\t\t\t\t\t<div class=\"elementor-field-subgroup  \"><span class=\"elementor-field-option\"><input type=\"radio\" value=\"Empresa (EIRL)\" id=\"form-field-field_d60a604-0\" name=\"form_fields[field_d60a604]\" required=\"required\"> <label for=\"form-field-field_d60a604-0\">Empresa (EIRL)<\/label><\/span><span class=\"elementor-field-option\"><input type=\"radio\" value=\"Empresa (SpA,  Ltda, S.A.)\" id=\"form-field-field_d60a604-1\" name=\"form_fields[field_d60a604]\" required=\"required\"> <label for=\"form-field-field_d60a604-1\">Empresa (SpA,  Ltda, S.A.)<\/label><\/span><span class=\"elementor-field-option\"><input type=\"radio\" value=\"Particular\" id=\"form-field-field_d60a604-2\" name=\"form_fields[field_d60a604]\" required=\"required\"> <label for=\"form-field-field_d60a604-2\">Particular<\/label><\/span><\/div>\t\t\t\t<\/div>\n\t\t\t\t\t\t\t\t<div class=\"elementor-field-type-text elementor-field-group elementor-column elementor-field-group-field_8058f07 elementor-col-100 elementor-field-required\">\n\t\t\t\t\t\t\t\t\t\t\t\t<label for=\"form-field-field_8058f07\" class=\"elementor-field-label\">\n\t\t\t\t\t\t\t\tRUT\t\t\t\t\t\t\t<\/label>\n\t\t\t\t\t\t\t\t\t\t\t\t\t\t<input size=\"1\" type=\"text\" name=\"form_fields[field_8058f07]\" id=\"form-field-field_8058f07\" class=\"elementor-field elementor-size-sm  elementor-field-textual\" placeholder=\"Ejemplo (RUT: 76245898-8)\" required=\"required\">\n\t\t\t\t\t\t\t\t\t\t\t<\/div>\n\t\t\t\t\t\t\t\t<div class=\"elementor-field-type-text elementor-field-group elementor-column elementor-field-group-field_fe0a7fe elementor-col-100 elementor-field-required\">\n\t\t\t\t\t\t\t\t\t\t\t\t<label for=\"form-field-field_fe0a7fe\" class=\"elementor-field-label\">\n\t\t\t\t\t\t\t\tDirecci\u00f3n\t\t\t\t\t\t\t<\/label>\n\t\t\t\t\t\t\t\t\t\t\t\t\t\t<input size=\"1\" type=\"text\" name=\"form_fields[field_fe0a7fe]\" id=\"form-field-field_fe0a7fe\" class=\"elementor-field elementor-size-sm  elementor-field-textual\" placeholder=\"Calle, N\u00famero, Comuna, Regi\u00f3n\" required=\"required\">\n\t\t\t\t\t\t\t\t\t\t\t<\/div>\n\t\t\t\t\t\t\t\t<div class=\"elementor-field-type-tel elementor-field-group elementor-column elementor-field-group-field_13af9d8 elementor-col-100 elementor-field-required\">\n\t\t\t\t\t\t\t\t\t\t\t\t<label for=\"form-field-field_13af9d8\" class=\"elementor-field-label\">\n\t\t\t\t\t\t\t\tTel\u00e9fono\t\t\t\t\t\t\t<\/label>\n\t\t\t\t\t\t\t\t<input size=\"1\" type=\"tel\" name=\"form_fields[field_13af9d8]\" id=\"form-field-field_13af9d8\" class=\"elementor-field elementor-size-sm  elementor-field-textual\" placeholder=\"(+56) 000 000 000\" required=\"required\" pattern=\"[0-9()#&amp;+*-=.]+\" title=\"Solo se aceptan n\u00fameros y caracteres de tel\u00e9fono (#,-,*,etc).\">\n\n\t\t\t\t\t\t<\/div>\n\t\t\t\t\t\t\t\t<div class=\"elementor-field-type-email elementor-field-group elementor-column elementor-field-group-email elementor-col-100 elementor-field-required\">\n\t\t\t\t\t\t\t\t\t\t\t\t<label for=\"form-field-email\" class=\"elementor-field-label\">\n\t\t\t\t\t\t\t\tEmail\t\t\t\t\t\t\t<\/label>\n\t\t\t\t\t\t\t\t\t\t\t\t\t\t<input size=\"1\" type=\"email\" name=\"form_fields[email]\" id=\"form-field-email\" class=\"elementor-field elementor-size-sm  elementor-field-textual\" placeholder=\"correo@correo.com\" required=\"required\">\n\t\t\t\t\t\t\t\t\t\t\t<\/div>\n\t\t\t\t\t\t\t\t<div class=\"elementor-field-type-checkbox elementor-field-group elementor-column elementor-field-group-field_106106e elementor-col-100\">\n\t\t\t\t\t\t\t\t\t\t\t\t<label for=\"form-field-field_106106e\" class=\"elementor-field-label\">\n\t\t\t\t\t\t\t\tProductos de inter\u00e9s\t\t\t\t\t\t\t<\/label>\n\t\t\t\t\t\t<div class=\"elementor-field-subgroup  \"><span class=\"elementor-field-option\"><input type=\"checkbox\" value=\"Mera Exklusiv (Nutrici\u00f3n Canina)\" id=\"form-field-field_106106e-0\" name=\"form_fields[field_106106e][]\"> <label for=\"form-field-field_106106e-0\">Mera Exklusiv (Nutrici\u00f3n Canina)<\/label><\/span><span class=\"elementor-field-option\"><input type=\"checkbox\" value=\"Mera Pure Sensitive (Nutrici\u00f3n Canina)\" id=\"form-field-field_106106e-1\" name=\"form_fields[field_106106e][]\"> <label for=\"form-field-field_106106e-1\">Mera Pure Sensitive (Nutrici\u00f3n Canina)<\/label><\/span><span class=\"elementor-field-option\"><input type=\"checkbox\" value=\"Frost (Nutrici\u00f3n Canina)\" id=\"form-field-field_106106e-2\" name=\"form_fields[field_106106e][]\"> <label for=\"form-field-field_106106e-2\">Frost (Nutrici\u00f3n Canina)<\/label><\/span><span class=\"elementor-field-option\"><input type=\"checkbox\" value=\"Atacama (Nutrici\u00f3n Canina)\" id=\"form-field-field_106106e-3\" name=\"form_fields[field_106106e][]\"> <label for=\"form-field-field_106106e-3\">Atacama (Nutrici\u00f3n Canina)<\/label><\/span><span class=\"elementor-field-option\"><input type=\"checkbox\" value=\"Astro (Nutrici\u00f3n Canina)\" id=\"form-field-field_106106e-4\" name=\"form_fields[field_106106e][]\"> <label for=\"form-field-field_106106e-4\">Astro (Nutrici\u00f3n Canina)<\/label><\/span><span class=\"elementor-field-option\"><input type=\"checkbox\" value=\"Sapeca (Nutrici\u00f3n Canina)\" id=\"form-field-field_106106e-5\" name=\"form_fields[field_106106e][]\"> <label for=\"form-field-field_106106e-5\">Sapeca (Nutrici\u00f3n Canina)<\/label><\/span><span class=\"elementor-field-option\"><input type=\"checkbox\" value=\"Mera Fitnes Fit (Nutrici\u00f3n Felina)\" id=\"form-field-field_106106e-6\" name=\"form_fields[field_106106e][]\"> <label for=\"form-field-field_106106e-6\">Mera Fitnes Fit (Nutrici\u00f3n Felina)<\/label><\/span><span class=\"elementor-field-option\"><input type=\"checkbox\" value=\"Frost (Nutrici\u00f3n Felina)\" id=\"form-field-field_106106e-7\" name=\"form_fields[field_106106e][]\"> <label for=\"form-field-field_106106e-7\">Frost (Nutrici\u00f3n Felina)<\/label><\/span><span class=\"elementor-field-option\"><input type=\"checkbox\" value=\"Astro (Nutrici\u00f3n Felina)\" id=\"form-field-field_106106e-8\" name=\"form_fields[field_106106e][]\"> <label for=\"form-field-field_106106e-8\">Astro (Nutrici\u00f3n Felina)<\/label><\/span><span class=\"elementor-field-option\"><input type=\"checkbox\" value=\"Arena Sanitarias\" id=\"form-field-field_106106e-9\" name=\"form_fields[field_106106e][]\"> <label for=\"form-field-field_106106e-9\">Arena Sanitarias<\/label><\/span><\/div>\t\t\t\t<\/div>\n\t\t\t\t\t\t\t\t<div class=\"elementor-field-type-textarea elementor-field-group elementor-column elementor-field-group-field_cca82bf elementor-col-100 elementor-field-required\">\n\t\t\t\t\t\t\t\t\t\t\t\t<label for=\"form-field-field_cca82bf\" class=\"elementor-field-label\">\n\t\t\t\t\t\t\t\tD\u00e9janos un comentario\t\t\t\t\t\t\t<\/label>\n\t\t\t\t\t\t<textarea class=\"elementor-field-textual elementor-field  elementor-size-sm\" name=\"form_fields[field_cca82bf]\" id=\"form-field-field_cca82bf\" rows=\"4\" placeholder=\"comentarios\" required=\"required\"><\/textarea>\t\t\t\t<\/div>\n\t\t\t\t\t\t\t\t<div class=\"elementor-field-type-recaptcha elementor-field-group elementor-column elementor-field-group-field_7fe1185 elementor-col-100\">\n\t\t\t\t\t<div class=\"elementor-field\" id=\"form-field-field_7fe1185\"><div class=\"elementor-g-recaptcha\" data-sitekey=\"6LcnX8oZAAAAAKdh4kv1NIX0mEIn6hp1iwhLR8iR\" data-type=\"v2_checkbox\" data-theme=\"light\" data-size=\"normal\"><\/div><\/div>\t\t\t\t<\/div>\n\t\t\t\t\t\t\t\t<div class=\"elementor-field-group elementor-column elementor-field-type-submit elementor-col-100 e-form__buttons\">\n\t\t\t\t\t<button class=\"elementor-button elementor-size-sm\" type=\"submit\">\n\t\t\t\t\t\t<span class=\"elementor-button-content-wrapper\">\n\t\t\t\t\t\t\t\t\t\t\t\t\t\t\t\t\t\t\t\t\t\t<span class=\"elementor-button-text\">Solicitar Informaci\u00f3n<\/span>\n\t\t\t\t\t\t\t\t\t\t\t\t\t<\/span>\n\t\t\t\t\t<\/button>\n\t\t\t\t<\/div>\n\t\t\t<\/div>\n\t\t<\/form>\n\t\t\t\t\t\t<\/div>\n\t\t\t\t<\/div>\n\t\t\t\t\t<\/div>\n\t\t<\/div>\n\t\t\t\t\t<\/div>\n\t\t<\/section>\n\t\t\t\t<\/div>\n\t\t","protected":false},"excerpt":{"rendered":"<p>\u00bfTe interesa algunos de nuestros productos exclusivos? Solicita informaci\u00f3n sobre la l\u00ednea de productos de tu inter\u00e9s.<\/p>\n","protected":false},"author":1,"featured_media":0,"parent":0,"menu_order":0,"comment_status":"closed","ping_status":"closed","template":"","meta":{"footnotes":""},"class_list":["post-440","page","type-page","status-publish","hentry"],"jetpack_sharing_enabled":true,"_links":{"self":[{"href":"https:\/\/hraz.cl\/cl\/wp-json\/wp\/v2\/pages\/440","targetHints":{"allow":["GET"]}}],"collection":[{"href":"https:\/\/hraz.cl\/cl\/wp-json\/wp\/v2\/pages"}],"about":[{"href":"https:\/\/hraz.cl\/cl\/wp-json\/wp\/v2\/types\/page"}],"author":[{"embeddable":true,"href":"https:\/\/hraz.cl\/cl\/wp-json\/wp\/v2\/users\/1"}],"replies":[{"embeddable":true,"href":"https:\/\/hraz.cl\/cl\/wp-json\/wp\/v2\/comments?post=440"}],"version-history":[{"count":5,"href":"https:\/\/hraz.cl\/cl\/wp-json\/wp\/v2\/pages\/440\/revisions"}],"predecessor-version":[{"id":7402,"href":"https:\/\/hraz.cl\/cl\/wp-json\/wp\/v2\/pages\/440\/revisions\/7402"}],"wp:attachment":[{"href":"https:\/\/hraz.cl\/cl\/wp-json\/wp\/v2\/media?parent=440"}],"curies":[{"name":"wp","href":"https:\/\/api.w.org\/{rel}","templated":true}]}}