{"id":834,"date":"2021-10-11T10:29:35","date_gmt":"2021-10-11T10:29:35","guid":{"rendered":"https:\/\/hraz.cl\/cl\/?page_id=834"},"modified":"2024-11-22T13:34:05","modified_gmt":"2024-11-22T13:34:05","slug":"noticias","status":"publish","type":"page","link":"https:\/\/hraz.cl\/cl\/noticias\/","title":{"rendered":"Noticias"},"content":{"rendered":"\t\t<div data-elementor-type=\"wp-page\" data-elementor-id=\"834\" class=\"elementor elementor-834\" data-elementor-post-type=\"page\">\n\t\t\t\t\t\t<section class=\"elementor-section elementor-top-section elementor-element elementor-element-649d5405 elementor-section-full_width elementor-section-height-default elementor-section-height-default\" data-id=\"649d5405\" data-element_type=\"section\" data-e-type=\"section\">\n\t\t\t\t\t\t<div class=\"elementor-container elementor-column-gap-default\">\n\t\t\t\t\t<div class=\"elementor-column elementor-col-100 elementor-top-column elementor-element elementor-element-70c0ef26\" data-id=\"70c0ef26\" data-element_type=\"column\" data-e-type=\"column\">\n\t\t\t<div class=\"elementor-widget-wrap elementor-element-populated\">\n\t\t\t\t\t\t<div class=\"elementor-element elementor-element-1d140e0e elementor-posts__hover-none elementor-grid-3 elementor-grid-tablet-2 elementor-grid-mobile-1 elementor-posts--thumbnail-top elementor-widget elementor-widget-posts\" data-id=\"1d140e0e\" data-element_type=\"widget\" data-e-type=\"widget\" data-settings=\"{&quot;cards_row_gap&quot;:{&quot;unit&quot;:&quot;px&quot;,&quot;size&quot;:&quot;50&quot;,&quot;sizes&quot;:[]},&quot;cards_columns&quot;:&quot;3&quot;,&quot;cards_columns_tablet&quot;:&quot;2&quot;,&quot;cards_columns_mobile&quot;:&quot;1&quot;,&quot;cards_row_gap_tablet&quot;:{&quot;unit&quot;:&quot;px&quot;,&quot;size&quot;:&quot;&quot;,&quot;sizes&quot;:[]},&quot;cards_row_gap_mobile&quot;:{&quot;unit&quot;:&quot;px&quot;,&quot;size&quot;:&quot;&quot;,&quot;sizes&quot;:[]}}\" data-widget_type=\"posts.cards\">\n\t\t\t\t<div class=\"elementor-widget-container\">\n\t\t\t\t\t\t\t<div class=\"elementor-posts-container elementor-posts elementor-posts--skin-cards elementor-grid\" role=\"list\">\n\t\t\t\t<article class=\"elementor-post elementor-grid-item post-7103 post type-post status-publish format-standard has-post-thumbnail hentry category-van-cat category-zagreb tag-atacama tag-espacio-riesco tag-expomascotas tag-frost tag-hraz tag-leroy tag-nhock tag-vancat\" role=\"listitem\">\n\t\t\t<div class=\"elementor-post__card\">\n\t\t\t\t<a class=\"elementor-post__thumbnail__link\" href=\"https:\/\/hraz.cl\/cl\/expomascotas-2025-te-lo-vas-a-perder\/\" tabindex=\"-1\" ><div class=\"elementor-post__thumbnail\"><img fetchpriority=\"high\" decoding=\"async\" width=\"800\" height=\"800\" src=\"https:\/\/hraz.cl\/cl\/wp-content\/uploads\/2025\/04\/expomascotas-25.jpg\" class=\"attachment-full size-full wp-image-7104\" alt=\"\" srcset=\"https:\/\/hraz.cl\/cl\/wp-content\/uploads\/2025\/04\/expomascotas-25.jpg 800w, https:\/\/hraz.cl\/cl\/wp-content\/uploads\/2025\/04\/expomascotas-25-300x300.jpg 300w, https:\/\/hraz.cl\/cl\/wp-content\/uploads\/2025\/04\/expomascotas-25-150x150.jpg 150w, https:\/\/hraz.cl\/cl\/wp-content\/uploads\/2025\/04\/expomascotas-25-768x768.jpg 768w\" sizes=\"(max-width: 800px) 100vw, 800px\" \/><\/div><\/a>\n\t\t\t\t<div class=\"elementor-post__text\">\n\t\t\t\t<h3 class=\"elementor-post__title\">\n\t\t\t<a href=\"https:\/\/hraz.cl\/cl\/expomascotas-2025-te-lo-vas-a-perder\/\" >\n\t\t\t\tExpomascotas 2025 \u00bfte lo vas a perder?\t\t\t<\/a>\n\t\t<\/h3>\n\t\t\t\t<\/div>\n\t\t\t\t<div class=\"elementor-post__meta-data\">\n\t\t\t\t\t<span class=\"elementor-post-date\">\n\t\t\tabril 1, 2025\t\t<\/span>\n\t\t\t\t<\/div>\n\t\t\t\t\t<\/div>\n\t\t<\/article>\n\t\t\t\t<article class=\"elementor-post elementor-grid-item post-2058 post type-post status-publish format-standard has-post-thumbnail hentry category-van-cat category-zagreb tag-atacama tag-espacio-riesco tag-expomascotas tag-frost tag-hraz tag-leroy tag-nhock tag-vancat\" role=\"listitem\">\n\t\t\t<div class=\"elementor-post__card\">\n\t\t\t\t<a class=\"elementor-post__thumbnail__link\" href=\"https:\/\/hraz.cl\/cl\/hraz-presente-en-expomascotas-y-animales-2024\/\" tabindex=\"-1\" ><div class=\"elementor-post__thumbnail\"><img decoding=\"async\" width=\"1080\" height=\"1080\" src=\"https:\/\/hraz.cl\/cl\/wp-content\/uploads\/2024\/04\/expomascotas2024-1.png\" class=\"attachment-full size-full wp-image-2060\" alt=\"\" srcset=\"https:\/\/hraz.cl\/cl\/wp-content\/uploads\/2024\/04\/expomascotas2024-1.png 1080w, https:\/\/hraz.cl\/cl\/wp-content\/uploads\/2024\/04\/expomascotas2024-1-300x300.png 300w, https:\/\/hraz.cl\/cl\/wp-content\/uploads\/2024\/04\/expomascotas2024-1-1024x1024.png 1024w, https:\/\/hraz.cl\/cl\/wp-content\/uploads\/2024\/04\/expomascotas2024-1-150x150.png 150w, https:\/\/hraz.cl\/cl\/wp-content\/uploads\/2024\/04\/expomascotas2024-1-768x768.png 768w\" sizes=\"(max-width: 1080px) 100vw, 1080px\" \/><\/div><\/a>\n\t\t\t\t<div class=\"elementor-post__text\">\n\t\t\t\t<h3 class=\"elementor-post__title\">\n\t\t\t<a href=\"https:\/\/hraz.cl\/cl\/hraz-presente-en-expomascotas-y-animales-2024\/\" >\n\t\t\t\tHraz presente en expomascotas y animales 2024\t\t\t<\/a>\n\t\t<\/h3>\n\t\t\t\t<\/div>\n\t\t\t\t<div class=\"elementor-post__meta-data\">\n\t\t\t\t\t<span class=\"elementor-post-date\">\n\t\t\tabril 5, 2024\t\t<\/span>\n\t\t\t\t<\/div>\n\t\t\t\t\t<\/div>\n\t\t<\/article>\n\t\t\t\t<article class=\"elementor-post elementor-grid-item post-2048 post type-post status-publish format-standard has-post-thumbnail hentry category-zagreb tag-alimentos tag-hraz tag-lanzamiento tag-nuevos tag-zgreb\" role=\"listitem\">\n\t\t\t<div class=\"elementor-post__card\">\n\t\t\t\t<a class=\"elementor-post__thumbnail__link\" href=\"https:\/\/hraz.cl\/cl\/nuevos-lanzamientos-hraz-ltda-2024\/\" tabindex=\"-1\" ><div class=\"elementor-post__thumbnail\"><img decoding=\"async\" width=\"1080\" height=\"1080\" src=\"https:\/\/hraz.cl\/cl\/wp-content\/uploads\/2024\/02\/NUEVA-MARCA-ZAGREB.png\" class=\"attachment-full size-full wp-image-2049\" alt=\"\" srcset=\"https:\/\/hraz.cl\/cl\/wp-content\/uploads\/2024\/02\/NUEVA-MARCA-ZAGREB.png 1080w, https:\/\/hraz.cl\/cl\/wp-content\/uploads\/2024\/02\/NUEVA-MARCA-ZAGREB-300x300.png 300w, https:\/\/hraz.cl\/cl\/wp-content\/uploads\/2024\/02\/NUEVA-MARCA-ZAGREB-1024x1024.png 1024w, https:\/\/hraz.cl\/cl\/wp-content\/uploads\/2024\/02\/NUEVA-MARCA-ZAGREB-150x150.png 150w, https:\/\/hraz.cl\/cl\/wp-content\/uploads\/2024\/02\/NUEVA-MARCA-ZAGREB-768x768.png 768w\" sizes=\"(max-width: 1080px) 100vw, 1080px\" \/><\/div><\/a>\n\t\t\t\t<div class=\"elementor-post__text\">\n\t\t\t\t<h3 class=\"elementor-post__title\">\n\t\t\t<a href=\"https:\/\/hraz.cl\/cl\/nuevos-lanzamientos-hraz-ltda-2024\/\" >\n\t\t\t\tNuevos lanzamientos Hraz Ltda. 2024\t\t\t<\/a>\n\t\t<\/h3>\n\t\t\t\t<\/div>\n\t\t\t\t<div class=\"elementor-post__meta-data\">\n\t\t\t\t\t<span class=\"elementor-post-date\">\n\t\t\tfebrero 7, 2024\t\t<\/span>\n\t\t\t\t<\/div>\n\t\t\t\t\t<\/div>\n\t\t<\/article>\n\t\t\t\t<article class=\"elementor-post elementor-grid-item post-1970 post type-post status-publish format-standard has-post-thumbnail hentry category-uncategorized tag-leroy-grille\" role=\"listitem\">\n\t\t\t<div class=\"elementor-post__card\">\n\t\t\t\t<a class=\"elementor-post__thumbnail__link\" href=\"https:\/\/hraz.cl\/cl\/nuevos-lanzamientos-linea-nutricion-felina-hraz-ltda\/\" tabindex=\"-1\" ><div class=\"elementor-post__thumbnail\"><img loading=\"lazy\" decoding=\"async\" width=\"1080\" height=\"1080\" src=\"https:\/\/hraz.cl\/cl\/wp-content\/uploads\/2023\/10\/nutricipn-hraz.png\" class=\"attachment-full size-full wp-image-1971\" alt=\"\" srcset=\"https:\/\/hraz.cl\/cl\/wp-content\/uploads\/2023\/10\/nutricipn-hraz.png 1080w, https:\/\/hraz.cl\/cl\/wp-content\/uploads\/2023\/10\/nutricipn-hraz-300x300.png 300w, https:\/\/hraz.cl\/cl\/wp-content\/uploads\/2023\/10\/nutricipn-hraz-1024x1024.png 1024w, https:\/\/hraz.cl\/cl\/wp-content\/uploads\/2023\/10\/nutricipn-hraz-150x150.png 150w, https:\/\/hraz.cl\/cl\/wp-content\/uploads\/2023\/10\/nutricipn-hraz-768x768.png 768w\" sizes=\"(max-width: 1080px) 100vw, 1080px\" \/><\/div><\/a>\n\t\t\t\t<div class=\"elementor-post__text\">\n\t\t\t\t<h3 class=\"elementor-post__title\">\n\t\t\t<a href=\"https:\/\/hraz.cl\/cl\/nuevos-lanzamientos-linea-nutricion-felina-hraz-ltda\/\" >\n\t\t\t\tNuevos lanzamientos l\u00ednea nutrici\u00f3n felina Hraz Ltda.\t\t\t<\/a>\n\t\t<\/h3>\n\t\t\t\t<\/div>\n\t\t\t\t<div class=\"elementor-post__meta-data\">\n\t\t\t\t\t<span class=\"elementor-post-date\">\n\t\t\toctubre 23, 2023\t\t<\/span>\n\t\t\t\t<\/div>\n\t\t\t\t\t<\/div>\n\t\t<\/article>\n\t\t\t\t<article class=\"elementor-post elementor-grid-item post-1986 post type-post status-publish format-standard has-post-thumbnail hentry category-van-cat tag-amantes-de-gatos tag-arena-sanitaria tag-calidad tag-europa tag-hraz-ltda tag-limpieza tag-marca-del-ano tag-palacio-hofburg tag-premiacion tag-premiada tag-producto-para-mascotas tag-reconocimiento tag-richard-rowles tag-saneamiento tag-tecnologia tag-van-cat tag-vancat tag-viena tag-world-branding-awards tag-world-branding-forum\" role=\"listitem\">\n\t\t\t<div class=\"elementor-post__card\">\n\t\t\t\t<a class=\"elementor-post__thumbnail__link\" href=\"https:\/\/hraz.cl\/cl\/hraz-ltda-distribuidor-oficial-en-chile-celebra-el-reconocimiento-de-vancat-en-los-world-branding-awards\/\" tabindex=\"-1\" ><div class=\"elementor-post__thumbnail\"><img loading=\"lazy\" decoding=\"async\" width=\"1080\" height=\"1080\" src=\"https:\/\/hraz.cl\/cl\/wp-content\/uploads\/2023\/10\/VANCAT-DEL-ANO.png\" class=\"attachment-full size-full wp-image-1987\" alt=\"\" srcset=\"https:\/\/hraz.cl\/cl\/wp-content\/uploads\/2023\/10\/VANCAT-DEL-ANO.png 1080w, https:\/\/hraz.cl\/cl\/wp-content\/uploads\/2023\/10\/VANCAT-DEL-ANO-300x300.png 300w, https:\/\/hraz.cl\/cl\/wp-content\/uploads\/2023\/10\/VANCAT-DEL-ANO-1024x1024.png 1024w, https:\/\/hraz.cl\/cl\/wp-content\/uploads\/2023\/10\/VANCAT-DEL-ANO-150x150.png 150w, https:\/\/hraz.cl\/cl\/wp-content\/uploads\/2023\/10\/VANCAT-DEL-ANO-768x768.png 768w\" sizes=\"(max-width: 1080px) 100vw, 1080px\" \/><\/div><\/a>\n\t\t\t\t<div class=\"elementor-post__text\">\n\t\t\t\t<h3 class=\"elementor-post__title\">\n\t\t\t<a href=\"https:\/\/hraz.cl\/cl\/hraz-ltda-distribuidor-oficial-en-chile-celebra-el-reconocimiento-de-vancat-en-los-world-branding-awards\/\" >\n\t\t\t\tHRAZ LTDA, Distribuidor Oficial en Chile, Celebra el Reconocimiento de VANCAT en los World Branding Awards\t\t\t<\/a>\n\t\t<\/h3>\n\t\t\t\t<\/div>\n\t\t\t\t<div class=\"elementor-post__meta-data\">\n\t\t\t\t\t<span class=\"elementor-post-date\">\n\t\t\toctubre 14, 2023\t\t<\/span>\n\t\t\t\t<\/div>\n\t\t\t\t\t<\/div>\n\t\t<\/article>\n\t\t\t\t<article class=\"elementor-post elementor-grid-item post-1983 post type-post status-publish format-standard has-post-thumbnail hentry category-uncategorized tag-hraz tag-nutricion-mascotas tag-supra\" role=\"listitem\">\n\t\t\t<div class=\"elementor-post__card\">\n\t\t\t\t<a class=\"elementor-post__thumbnail__link\" href=\"https:\/\/hraz.cl\/cl\/supra-lider-en-nutricion-animal-de-brasil-cumple-44-anos-de-vida\/\" tabindex=\"-1\" ><div class=\"elementor-post__thumbnail\"><img loading=\"lazy\" decoding=\"async\" width=\"1080\" height=\"1080\" src=\"https:\/\/hraz.cl\/cl\/wp-content\/uploads\/2023\/10\/44-anos.png\" class=\"attachment-full size-full wp-image-1984\" alt=\"\" srcset=\"https:\/\/hraz.cl\/cl\/wp-content\/uploads\/2023\/10\/44-anos.png 1080w, https:\/\/hraz.cl\/cl\/wp-content\/uploads\/2023\/10\/44-anos-300x300.png 300w, https:\/\/hraz.cl\/cl\/wp-content\/uploads\/2023\/10\/44-anos-1024x1024.png 1024w, https:\/\/hraz.cl\/cl\/wp-content\/uploads\/2023\/10\/44-anos-150x150.png 150w, https:\/\/hraz.cl\/cl\/wp-content\/uploads\/2023\/10\/44-anos-768x768.png 768w\" sizes=\"(max-width: 1080px) 100vw, 1080px\" \/><\/div><\/a>\n\t\t\t\t<div class=\"elementor-post__text\">\n\t\t\t\t<h3 class=\"elementor-post__title\">\n\t\t\t<a href=\"https:\/\/hraz.cl\/cl\/supra-lider-en-nutricion-animal-de-brasil-cumple-44-anos-de-vida\/\" >\n\t\t\t\tSupra: L\u00edder en nutrici\u00f3n animal de Brasil, cumple 44 a\u00f1os de vida.\t\t\t<\/a>\n\t\t<\/h3>\n\t\t\t\t<\/div>\n\t\t\t\t<div class=\"elementor-post__meta-data\">\n\t\t\t\t\t<span class=\"elementor-post-date\">\n\t\t\tseptiembre 1, 2023\t\t<\/span>\n\t\t\t\t<\/div>\n\t\t\t\t\t<\/div>\n\t\t<\/article>\n\t\t\t\t<article class=\"elementor-post elementor-grid-item post-1926 post type-post status-publish format-standard has-post-thumbnail hentry category-uncategorized tag-100-natural tag-aegean-cats-litter tag-arena-sanitaria tag-hraz tag-representacion-en-chile\" role=\"listitem\">\n\t\t\t<div class=\"elementor-post__card\">\n\t\t\t\t<a class=\"elementor-post__thumbnail__link\" href=\"https:\/\/hraz.cl\/cl\/lanzamiento-aegean-cats-litter-arena-sanitaria-super-premium\/\" tabindex=\"-1\" ><div class=\"elementor-post__thumbnail\"><img loading=\"lazy\" decoding=\"async\" width=\"1080\" height=\"1080\" src=\"https:\/\/hraz.cl\/cl\/wp-content\/uploads\/2022\/09\/todas-web.png\" class=\"attachment-full size-full wp-image-1461\" alt=\"\" srcset=\"https:\/\/hraz.cl\/cl\/wp-content\/uploads\/2022\/09\/todas-web.png 1080w, https:\/\/hraz.cl\/cl\/wp-content\/uploads\/2022\/09\/todas-web-300x300.png 300w, https:\/\/hraz.cl\/cl\/wp-content\/uploads\/2022\/09\/todas-web-1024x1024.png 1024w, https:\/\/hraz.cl\/cl\/wp-content\/uploads\/2022\/09\/todas-web-150x150.png 150w, https:\/\/hraz.cl\/cl\/wp-content\/uploads\/2022\/09\/todas-web-768x768.png 768w\" sizes=\"(max-width: 1080px) 100vw, 1080px\" \/><\/div><\/a>\n\t\t\t\t<div class=\"elementor-post__text\">\n\t\t\t\t<h3 class=\"elementor-post__title\">\n\t\t\t<a href=\"https:\/\/hraz.cl\/cl\/lanzamiento-aegean-cats-litter-arena-sanitaria-super-premium\/\" >\n\t\t\t\tLanzamiento Aegean Cats Litter, arena sanitaria super premium.\t\t\t<\/a>\n\t\t<\/h3>\n\t\t\t\t<\/div>\n\t\t\t\t<div class=\"elementor-post__meta-data\">\n\t\t\t\t\t<span class=\"elementor-post-date\">\n\t\t\tfebrero 8, 2023\t\t<\/span>\n\t\t\t\t<\/div>\n\t\t\t\t\t<\/div>\n\t\t<\/article>\n\t\t\t\t<article class=\"elementor-post elementor-grid-item post-844 post type-post status-publish format-standard has-post-thumbnail hentry category-zagreb tag-arena-sanitaria tag-chile tag-cuidado-de-tu-gato tag-importacion-arena tag-precios-de-afrena tag-precios-de-arena tag-proveedor-de-arena-sanitarua\" role=\"listitem\">\n\t\t\t<div class=\"elementor-post__card\">\n\t\t\t\t<a class=\"elementor-post__thumbnail__link\" href=\"https:\/\/hraz.cl\/cl\/nueva-zagreb-black-cat-litter-llega-a-chile\/\" tabindex=\"-1\" ><div class=\"elementor-post__thumbnail\"><img loading=\"lazy\" decoding=\"async\" width=\"1000\" height=\"600\" src=\"https:\/\/hraz.cl\/cl\/wp-content\/uploads\/2021\/10\/zagreb-black-cat-litter.jpg\" class=\"attachment-full size-full wp-image-845\" alt=\"\" srcset=\"https:\/\/hraz.cl\/cl\/wp-content\/uploads\/2021\/10\/zagreb-black-cat-litter.jpg 1000w, https:\/\/hraz.cl\/cl\/wp-content\/uploads\/2021\/10\/zagreb-black-cat-litter-600x360.jpg 600w, https:\/\/hraz.cl\/cl\/wp-content\/uploads\/2021\/10\/zagreb-black-cat-litter-300x180.jpg 300w, https:\/\/hraz.cl\/cl\/wp-content\/uploads\/2021\/10\/zagreb-black-cat-litter-768x461.jpg 768w\" sizes=\"(max-width: 1000px) 100vw, 1000px\" \/><\/div><\/a>\n\t\t\t\t<div class=\"elementor-post__text\">\n\t\t\t\t<h3 class=\"elementor-post__title\">\n\t\t\t<a href=\"https:\/\/hraz.cl\/cl\/nueva-zagreb-black-cat-litter-llega-a-chile\/\" >\n\t\t\t\tNueva Zagreb Black Cat litter llega a Chile\t\t\t<\/a>\n\t\t<\/h3>\n\t\t\t\t<\/div>\n\t\t\t\t<div class=\"elementor-post__meta-data\">\n\t\t\t\t\t<span class=\"elementor-post-date\">\n\t\t\toctubre 11, 2021\t\t<\/span>\n\t\t\t\t<\/div>\n\t\t\t\t\t<\/div>\n\t\t<\/article>\n\t\t\t\t<article class=\"elementor-post elementor-grid-item post-841 post type-post status-publish format-standard has-post-thumbnail hentry category-van-cat tag-arena-sanitaria-premium tag-bentonica tag-calidad-en-arena-sanitaria tag-distribuidor-de-arena tag-hraz tag-mejor-arena-de-europa tag-proveedor-de-arena tag-van-cat\" role=\"listitem\">\n\t\t\t<div class=\"elementor-post__card\">\n\t\t\t\t<a class=\"elementor-post__thumbnail__link\" href=\"https:\/\/hraz.cl\/cl\/van-cat-la-arena-sanitaria-super-premium\/\" tabindex=\"-1\" ><div class=\"elementor-post__thumbnail\"><img loading=\"lazy\" decoding=\"async\" width=\"1000\" height=\"600\" src=\"https:\/\/hraz.cl\/cl\/wp-content\/uploads\/2021\/10\/van-cat.jpg\" class=\"attachment-full size-full wp-image-842\" alt=\"\" srcset=\"https:\/\/hraz.cl\/cl\/wp-content\/uploads\/2021\/10\/van-cat.jpg 1000w, https:\/\/hraz.cl\/cl\/wp-content\/uploads\/2021\/10\/van-cat-600x360.jpg 600w, https:\/\/hraz.cl\/cl\/wp-content\/uploads\/2021\/10\/van-cat-300x180.jpg 300w, https:\/\/hraz.cl\/cl\/wp-content\/uploads\/2021\/10\/van-cat-768x461.jpg 768w\" sizes=\"(max-width: 1000px) 100vw, 1000px\" \/><\/div><\/a>\n\t\t\t\t<div class=\"elementor-post__text\">\n\t\t\t\t<h3 class=\"elementor-post__title\">\n\t\t\t<a href=\"https:\/\/hraz.cl\/cl\/van-cat-la-arena-sanitaria-super-premium\/\" >\n\t\t\t\tVan Cat, La arena sanitaria s\u00faper Premium\t\t\t<\/a>\n\t\t<\/h3>\n\t\t\t\t<\/div>\n\t\t\t\t<div class=\"elementor-post__meta-data\">\n\t\t\t\t\t<span class=\"elementor-post-date\">\n\t\t\tagosto 11, 2021\t\t<\/span>\n\t\t\t\t<\/div>\n\t\t\t\t\t<\/div>\n\t\t<\/article>\n\t\t\t\t<article class=\"elementor-post elementor-grid-item post-836 post type-post status-publish format-standard has-post-thumbnail hentry category-van-cat tag-arena-sanitaria-premium tag-bentonica tag-calidad-en-arena-sanitaria tag-distribuidor-de-arena tag-hraz tag-mejor-arena-de-europa tag-premio-a-la-mejor-arena-de-europa tag-proveedor-de-arena tag-van-cat\" role=\"listitem\">\n\t\t\t<div class=\"elementor-post__card\">\n\t\t\t\t<a class=\"elementor-post__thumbnail__link\" href=\"https:\/\/hraz.cl\/cl\/y-un-premio-a-la-marca-lider-del-ano-vancat\/\" tabindex=\"-1\" ><div class=\"elementor-post__thumbnail\"><img loading=\"lazy\" decoding=\"async\" width=\"1000\" height=\"600\" src=\"https:\/\/hraz.cl\/cl\/wp-content\/uploads\/2021\/07\/marca-premiada-van-cat.jpg\" class=\"attachment-full size-full wp-image-848\" alt=\"\" srcset=\"https:\/\/hraz.cl\/cl\/wp-content\/uploads\/2021\/07\/marca-premiada-van-cat.jpg 1000w, https:\/\/hraz.cl\/cl\/wp-content\/uploads\/2021\/07\/marca-premiada-van-cat-600x360.jpg 600w, https:\/\/hraz.cl\/cl\/wp-content\/uploads\/2021\/07\/marca-premiada-van-cat-300x180.jpg 300w, https:\/\/hraz.cl\/cl\/wp-content\/uploads\/2021\/07\/marca-premiada-van-cat-768x461.jpg 768w\" sizes=\"(max-width: 1000px) 100vw, 1000px\" \/><\/div><\/a>\n\t\t\t\t<div class=\"elementor-post__text\">\n\t\t\t\t<h3 class=\"elementor-post__title\">\n\t\t\t<a href=\"https:\/\/hraz.cl\/cl\/y-un-premio-a-la-marca-lider-del-ano-vancat\/\" >\n\t\t\t\t\u00a1Y un premio a la \u00abMarca L\u00edder del A\u00f1o\u00bb, VanCat!\t\t\t<\/a>\n\t\t<\/h3>\n\t\t\t\t<\/div>\n\t\t\t\t<div class=\"elementor-post__meta-data\">\n\t\t\t\t\t<span class=\"elementor-post-date\">\n\t\t\tjulio 16, 2021\t\t<\/span>\n\t\t\t\t<\/div>\n\t\t\t\t\t<\/div>\n\t\t<\/article>\n\t\t\t\t<\/div>\n\t\t\n\t\t\t\t\t\t<\/div>\n\t\t\t\t<\/div>\n\t\t\t\t\t<\/div>\n\t\t<\/div>\n\t\t\t\t\t<\/div>\n\t\t<\/section>\n\t\t\t\t<\/div>\n\t\t","protected":false},"excerpt":{"rendered":"","protected":false},"author":1,"featured_media":0,"parent":0,"menu_order":0,"comment_status":"closed","ping_status":"closed","template":"","meta":{"footnotes":""},"class_list":["post-834","page","type-page","status-publish","hentry"],"jetpack_sharing_enabled":true,"_links":{"self":[{"href":"https:\/\/hraz.cl\/cl\/wp-json\/wp\/v2\/pages\/834","targetHints":{"allow":["GET"]}}],"collection":[{"href":"https:\/\/hraz.cl\/cl\/wp-json\/wp\/v2\/pages"}],"about":[{"href":"https:\/\/hraz.cl\/cl\/wp-json\/wp\/v2\/types\/page"}],"author":[{"embeddable":true,"href":"https:\/\/hraz.cl\/cl\/wp-json\/wp\/v2\/users\/1"}],"replies":[{"embeddable":true,"href":"https:\/\/hraz.cl\/cl\/wp-json\/wp\/v2\/comments?post=834"}],"version-history":[{"count":5,"href":"https:\/\/hraz.cl\/cl\/wp-json\/wp\/v2\/pages\/834\/revisions"}],"predecessor-version":[{"id":7049,"href":"https:\/\/hraz.cl\/cl\/wp-json\/wp\/v2\/pages\/834\/revisions\/7049"}],"wp:attachment":[{"href":"https:\/\/hraz.cl\/cl\/wp-json\/wp\/v2\/media?parent=834"}],"curies":[{"name":"wp","href":"https:\/\/api.w.org\/{rel}","templated":true}]}}